{"id":3576,"date":"2014-11-14T12:27:02","date_gmt":"2014-11-14T12:27:02","guid":{"rendered":"http:\/\/barcelonaroom\/fr\/?page_id=3576"},"modified":"2018-10-18T18:19:42","modified_gmt":"2018-10-18T16:19:42","slug":"procedure","status":"publish","type":"page","link":"https:\/\/barcelonaroom.com\/fr\/info\/procedure\/","title":{"rendered":"PROC\u00c9DURE"},"content":{"rendered":"<p>PROC\u00c9DURE<\/p>\n<p>Le virement du pr\u00e9paiement doit \u00eatre effectu\u00e9 DANS LES 2 JOURS qui suivent la r\u00e9ception de la facture.<\/p>\n<p>LES CHEQUES NE SONT PAS ACCEPT\u00c9S NI POUR UN PAIEMENT NI POUR LA CAUTION.<\/p>\n<p>IMPORTANT: Dans le cas o\u00f9 vous avez un compte bancaire \u00e0 LA POSTE, veuillez nous le communiquer.<\/p>\n<p><strong>COORDONNEES BANCAIRES<\/strong><br \/>\n<strong> Catherine Marie Schmidt<\/strong><br \/>\n<strong> Calle San Eusebio, 6<\/strong><br \/>\n<strong> 08198 LA FLORESTA &#8211; BARCELONA<\/strong><br \/>\n<strong> NIF: X211716EQ<\/strong><\/p>\n<p><strong> LA CAIXA DE PENSIONES DE BARCELONA<\/strong><br \/>\n<strong> Calle Santa Ameila, 31<\/strong><br \/>\n<strong> 08034 Barcelona Spanien<\/strong><\/p>\n<p><strong> SWIFT: CAIXESBB<\/strong><br \/>\n<strong> IBAN: ES 3621003466712100081409<\/strong><br \/>\n<strong> BIC: CAIXESBBXXX<\/strong><br \/>\n<strong> Bankverbindung : 2100 3466 71 2100081409<\/strong><\/p>\n<p>Si les conditions suivantes ne sont pas respect\u00e9es , le propri\u00e9taire a le droit d&rsquo;exclure les locataires et aucun remboursement ne sera effectu\u00e9.<\/p>\n<p>1. Veuillez s&rsquo;il vous pla\u00eet nous envoyer le re\u00e7u de la banque par mail avec le num\u00e9ro de r\u00e9f\u00e9rence de la r\u00e9servation.(BO+num\u00e9ro).<\/p>\n<p>2. D\u00e8s que le virement aura \u00e9t\u00e9 re\u00e7u, nous vous communiquerons l&rsquo;adresse de la location et les coordonn\u00e9es du propri\u00e9taire. Veuillez nous informer de votre heure \/date de d\u00e9part et d&rsquo;arriv\u00e9e afin de pr\u00e9venir le propri\u00e9taire.<\/p>\n<p>3. Le reste du loyer sera vers\u00e9 en liquide \u00e0 l&rsquo;arriv\u00e9e dans l&rsquo;appartement lors de la remise des clefs. La photocopie du passeport peut-\u00eatre exig\u00e9e.<\/p>\n<p>4. La caution est remboursable le jour de votre d\u00e9part. L&rsquo;appartement doit \u00eatre laiss\u00e9 dans l&rsquo;\u00e9tat dans lequel vous l&rsquo;avez trouv\u00e9. Les f\u00eates dans l&rsquo;appartement sont interdites. Veuillez ne pas d\u00e9ranger les voisins.<\/p>\n<p>5. Au cas ou vous avez du retard, veuillez nous t\u00e9l\u00e9phoner de suite.<\/p>\n<p>Merci, je vous souhaite un agr\u00e9able s\u00e9jour sur Barcelone.<\/p>\n<p>&nbsp;<\/p>\n<p>&#8212; GDPR &#8212;<\/p>\n<p><strong>Qui nous sommes<\/strong><\/p>\n<p>L&rsquo;adresse de notre site est: https:\/\/barcelonaroom.com<\/p>\n<p>Quelles sont les donn\u00e9es personnelles que nous recueillons et pourquoi nous les collectons<\/p>\n<p>Commentaires<\/p>\n<p>Lorsque les visiteurs laissent des commentaires sur le site, nous collectons les donn\u00e9es affich\u00e9es dans le formulaire de commentaires, ainsi que l&rsquo;adresse IP du visiteur et la cha\u00eene de l&rsquo;agent utilisateur du navigateur pour aider \u00e0 la d\u00e9tection des spams.<\/p>\n<p>Une cha\u00eene anonymis\u00e9e cr\u00e9\u00e9e \u00e0 partir de votre adresse e-mail (\u00e9galement appel\u00e9e hash) peut \u00eatre fournie au service Gravatar pour voir si vous l&rsquo;utilisez. La politique de confidentialit\u00e9 du service Gravatar est disponible ici: https:\/\/automattic.com\/privacy\/. Apr\u00e8s approbation de votre commentaire, votre photo de profil est visible au public dans le cadre de votre commentaire.<\/p>\n<p>M\u00e9dias<\/p>\n<p>Si vous t\u00e9l\u00e9chargez des images sur le site Web, vous devez \u00e9viter de t\u00e9l\u00e9charger des images avec des donn\u00e9es de localisation int\u00e9gr\u00e9es (EXIF GPS) incluses. Les visiteurs du site Web peuvent t\u00e9l\u00e9charger et extraire toutes les donn\u00e9es de localisation \u00e0 partir d&rsquo;images sur le site Web.<\/p>\n<p>Formulaires de contact<\/p>\n<p>Biscuits<\/p>\n<p>Si vous laissez un commentaire sur notre site, vous pouvez choisir d&rsquo;enregistrer votre nom, votre adresse e-mail et votre site web dans des cookies. Ceux-ci sont pour votre commodit\u00e9 afin que vous n&rsquo;ayez pas \u00e0 remplir \u00e0 nouveau vos coordonn\u00e9es lorsque vous laissez un autre commentaire. Ces cookies dureront un an.<\/p>\n<p>Si vous avez un compte et que vous vous connectez \u00e0 ce site, nous \u00e9tablirons un cookie temporaire pour d\u00e9terminer si votre navigateur accepte les cookies. Ce cookie ne contient aucune donn\u00e9e personnelle et est ignor\u00e9 lorsque vous fermez votre navigateur.<\/p>\n<p>Lorsque vous vous connectez, nous allons \u00e9galement configurer plusieurs cookies pour enregistrer vos informations de connexion et vos choix d&rsquo;affichage \u00e0 l&rsquo;\u00e9cran. Les cookies de connexion durent deux jours et les cookies d&rsquo;options d&rsquo;\u00e9cran durent un an. Si vous s\u00e9lectionnez \u00ab\u00a0Se souvenir de moi\u00a0\u00bb, votre connexion persistera pendant deux semaines. Si vous vous d\u00e9connectez de votre compte, les cookies de connexion seront supprim\u00e9s.<\/p>\n<p>Si vous \u00e9ditez ou publiez un article, un cookie suppl\u00e9mentaire sera enregistr\u00e9 dans votre navigateur. Ce cookie ne contient aucune donn\u00e9e personnelle et indique simplement l&rsquo;identifiant de l&rsquo;article que vous venez d&rsquo;\u00e9diter. Il expire apr\u00e8s 1 jour.<\/p>\n<p>Contenu int\u00e9gr\u00e9 d&rsquo;autres sites Web<\/p>\n<p>Les articles sur ce site peuvent inclure du contenu int\u00e9gr\u00e9 (vid\u00e9os, images, articles, etc.). Le contenu int\u00e9gr\u00e9 d&rsquo;autres sites Web se comporte exactement de la m\u00eame mani\u00e8re que si le visiteur a visit\u00e9 l&rsquo;autre site Web.<\/p>\n<p>Ces sites Web peuvent collecter des donn\u00e9es vous concernant, utiliser des cookies, int\u00e9grer un suivi tiers suppl\u00e9mentaire et surveiller votre interaction avec ce contenu int\u00e9gr\u00e9, y compris le suivi de votre interaction avec le contenu int\u00e9gr\u00e9 si vous avez un compte et \u00eates connect\u00e9 \u00e0 ce site Web.<\/p>\n<p>Analytique<\/p>\n<p>Qui partageons-nous vos donn\u00e9es avec<\/p>\n<p>Combien de temps nous conservons vos donn\u00e9es<\/p>\n<p>Si vous laissez un commentaire, le commentaire et ses m\u00e9tadonn\u00e9es sont conserv\u00e9s ind\u00e9finiment. C&rsquo;est ainsi que nous pouvons reconna\u00eetre et approuver tous les commentaires de suivi automatiquement au lieu de les maintenir dans une file d&rsquo;attente de mod\u00e9ration.<\/p>\n<p>Pour les utilisateurs qui s&rsquo;inscrivent sur notre site Web (le cas \u00e9ch\u00e9ant), nous stockons \u00e9galement les informations personnelles qu&rsquo;ils fournissent dans leur profil d&rsquo;utilisateur. Tous les utilisateurs peuvent voir, modifier ou supprimer leurs informations personnelles \u00e0 tout moment (sauf qu&rsquo;ils ne peuvent pas changer leur nom d&rsquo;utilisateur). Les administrateurs de site Web peuvent \u00e9galement voir et modifier ces informations.<\/p>\n<p>Quels droits avez-vous sur vos donn\u00e9es<\/p>\n<p>Si vous avez un compte sur ce site, ou avez laiss\u00e9 des commentaires, vous pouvez demander \u00e0 recevoir un fichier export\u00e9 des donn\u00e9es personnelles que nous d\u00e9tenons \u00e0 votre sujet, y compris les donn\u00e9es que vous nous avez fournies. Vous pouvez \u00e9galement demander que nous effacions toutes les donn\u00e9es personnelles que nous d\u00e9tenons \u00e0 votre sujet. Cela n&rsquo;inclut pas les donn\u00e9es que nous sommes tenus de conserver \u00e0 des fins administratives, l\u00e9gales ou de s\u00e9curit\u00e9.<\/p>\n<p>O\u00f9 envoyons-nous vos donn\u00e9es<\/p>\n<p>Les commentaires des visiteurs peuvent \u00eatre v\u00e9rifi\u00e9s via un service de d\u00e9tection automatique de spam.<\/p>\n<p><strong>Vos coordonn\u00e9es<\/strong><\/p>\n<p><strong>Information additionnelle<\/strong><\/p>\n<p><strong>Comment prot\u00e9geons-nous vos donn\u00e9es<\/strong><\/p>\n<p><strong>Quelles proc\u00e9dures de violation de donn\u00e9es nous avons mises en place<\/strong><\/p>\n<p><strong>De quels tiers nous recevons des donn\u00e9es<\/strong><\/p>\n<p><strong>Quelle prise de d\u00e9cision automatis\u00e9e et \/ ou profilage nous faisons avec les donn\u00e9es de l&rsquo;utilisateur<\/strong><\/p>\n<p><strong>Exigences r\u00e9glementaires de l&rsquo;industrie<\/strong><\/p>\n<hr \/>\n<p>Catherine Marie Schmidt<br \/>\nDirectrice de Barcelonaroom.com<\/p>\n<p><strong><span style=\"color: #ff0000;\">Nouveau! International :<\/span><\/strong><br \/>\n<span style=\"color: #ff0000;\"> Nous avons aussi des offres int\u00e9ressantes \u00e0 Budapest, Berlin, Rome, Br\u00e9sil, Croatie, Paris, Istamboul, Londres, Tenerife, Bilbao, Ile de Majorque.<\/span><\/p>\n","protected":false},"excerpt":{"rendered":"<p>PROC\u00c9DURE Le virement du pr\u00e9paiement doit \u00eatre effectu\u00e9 DANS LES 2 JOURS qui suivent la r\u00e9ception de la facture. LES CHEQUES NE SONT PAS ACCEPT\u00c9S NI POUR UN PAIEMENT NI POUR LA CAUTION. IMPORTANT: Dans le cas o\u00f9 vous avez un compte bancaire \u00e0 LA POSTE, veuillez nous le communiquer. COORDONNEES BANCAIRES Catherine Marie Schmidt [&hellip;]<\/p>\n","protected":false},"author":7,"featured_media":0,"parent":55020,"menu_order":59,"comment_status":"closed","ping_status":"closed","template":"","meta":{"footnotes":""},"class_list":["post-3576","page","type-page","status-publish","hentry"],"_links":{"self":[{"href":"https:\/\/barcelonaroom.com\/fr\/wp-json\/wp\/v2\/pages\/3576","targetHints":{"allow":["GET"]}}],"collection":[{"href":"https:\/\/barcelonaroom.com\/fr\/wp-json\/wp\/v2\/pages"}],"about":[{"href":"https:\/\/barcelonaroom.com\/fr\/wp-json\/wp\/v2\/types\/page"}],"author":[{"embeddable":true,"href":"https:\/\/barcelonaroom.com\/fr\/wp-json\/wp\/v2\/users\/7"}],"replies":[{"embeddable":true,"href":"https:\/\/barcelonaroom.com\/fr\/wp-json\/wp\/v2\/comments?post=3576"}],"version-history":[{"count":0,"href":"https:\/\/barcelonaroom.com\/fr\/wp-json\/wp\/v2\/pages\/3576\/revisions"}],"up":[{"embeddable":true,"href":"https:\/\/barcelonaroom.com\/fr\/wp-json\/wp\/v2\/pages\/55020"}],"wp:attachment":[{"href":"https:\/\/barcelonaroom.com\/fr\/wp-json\/wp\/v2\/media?parent=3576"}],"curies":[{"name":"wp","href":"https:\/\/api.w.org\/{rel}","templated":true}]}}