{"id":2568,"date":"2014-12-01T03:22:01","date_gmt":"2014-12-01T03:22:01","guid":{"rendered":"http:\/\/barcelonaroom\/?page_id=2568"},"modified":"2021-01-15T18:11:58","modified_gmt":"2021-01-15T17:11:58","slug":"comission","status":"publish","type":"page","link":"https:\/\/barcelonaroom.com\/fr\/info\/comission\/","title":{"rendered":"COMISSSION"},"content":{"rendered":"<p>La commission applicable aux loyers par mois est un pourcentage qui d\u00e9pend de la dur\u00e9e du s\u00e9jour. Les pourcentages \u00e0 appliquer sur le montant du loyer mensuel sont les suivants:<\/p>\n<table border=\"1\" width=\"100%\" cellspacing=\"0\" cellpadding=\"1\" align=\"center\">\n<tbody>\n<tr>\n<td class=\"style1\" bgcolor=\"#FFFFFF\">\n<p class=\"style95\" align=\"center\">1 mois<\/p>\n<\/td>\n<td class=\"style1\" bgcolor=\"#FFFFFF\">\n<p class=\"style95\" align=\"center\"><strong>25%<\/strong><\/p>\n<\/td>\n<td class=\"style1\" bgcolor=\"#FFFFFF\">\n<p class=\"style95\" align=\"center\">5 mois<\/p>\n<\/td>\n<td class=\"style1\" bgcolor=\"#FFFFFF\">\n<p class=\"style95\" align=\"center\"><strong>65%<\/strong><\/p>\n<\/td>\n<td class=\"style1\" bgcolor=\"#FFFFFF\">\n<p class=\"style95\" align=\"center\">9 mois<\/p>\n<\/td>\n<td class=\"style1\" bgcolor=\"#FFFFFF\">\n<p class=\"style95\" align=\"center\"><strong>105%<\/strong><\/p>\n<\/td>\n<\/tr>\n<tr>\n<td class=\"style1\" bgcolor=\"#FFFFFF\">\n<p class=\"style95\" align=\"center\">2 mois<\/p>\n<\/td>\n<td class=\"style1\" bgcolor=\"#FFFFFF\">\n<p class=\"style95\" align=\"center\"><strong>35%<\/strong><\/p>\n<\/td>\n<td class=\"style1\" bgcolor=\"#FFFFFF\">\n<p class=\"style95\" align=\"center\">6 mois<\/p>\n<\/td>\n<td class=\"style1\" bgcolor=\"#FFFFFF\">\n<p class=\"style95\" align=\"center\"><strong>75%<\/strong><\/p>\n<\/td>\n<td class=\"style1\" bgcolor=\"#FFFFFF\">\n<p class=\"style95\" align=\"center\">10 mois<\/p>\n<\/td>\n<td class=\"style1\" bgcolor=\"#FFFFFF\">\n<p class=\"style95\" align=\"center\"><strong>115%<\/strong><\/p>\n<\/td>\n<\/tr>\n<tr>\n<td class=\"style1\" bgcolor=\"#FFFFFF\">\n<p class=\"style95\" align=\"center\">3 mois<\/p>\n<\/td>\n<td class=\"style1\" bgcolor=\"#FFFFFF\">\n<p class=\"style95\" align=\"center\"><strong>45%<\/strong><\/p>\n<\/td>\n<td class=\"style1\" bgcolor=\"#FFFFFF\">\n<p class=\"style95\" align=\"center\">7 mois<\/p>\n<\/td>\n<td class=\"style1\" bgcolor=\"#FFFFFF\">\n<p class=\"style95\" align=\"center\"><strong>85%<\/strong><\/p>\n<\/td>\n<td class=\"style1\" bgcolor=\"#FFFFFF\">\n<p class=\"style95\" align=\"center\">11 mois<\/p>\n<\/td>\n<td class=\"style1\" bgcolor=\"#FFFFFF\">\n<p class=\"style95\" align=\"center\"><strong>125%<\/strong><\/p>\n<\/td>\n<\/tr>\n<tr>\n<td class=\"style1\" bgcolor=\"#FFFFFF\">\n<p class=\"style95\" align=\"center\">4 mois<\/p>\n<\/td>\n<td class=\"style1\" bgcolor=\"#FFFFFF\">\n<p class=\"style95\" align=\"center\"><strong>55%<\/strong><\/p>\n<\/td>\n<td class=\"style1\" bgcolor=\"#FFFFFF\">\n<p class=\"style95\" align=\"center\">8 mois<\/p>\n<\/td>\n<td class=\"style1\" bgcolor=\"#FFFFFF\">\n<p class=\"style95\" align=\"center\"><strong>95%<\/strong><\/p>\n<\/td>\n<\/tr>\n<\/tbody>\n<\/table>\n<p class=\"TEXTDEFAULTtxt\">\n<p>Pour un s\u00e9jour de plus de 11 mois s&rsquo;il vous pla\u00eet contacter <a href=\"mailto:catherine@barcelonaroom.com\">catherine@barcelonaroom.com<\/a><\/p>\n","protected":false},"excerpt":{"rendered":"<p>La commission applicable aux loyers par mois est un pourcentage qui d\u00e9pend de la dur\u00e9e du s\u00e9jour. Les pourcentages \u00e0 appliquer sur le montant du loyer mensuel sont les suivants: 1 mois 25% 5 mois 65% 9 mois 105% 2 mois 35% 6 mois 75% 10 mois 115% 3 mois 45% 7 mois 85% 11 [&hellip;]<\/p>\n","protected":false},"author":7,"featured_media":0,"parent":55020,"menu_order":51,"comment_status":"open","ping_status":"closed","template":"","meta":{"footnotes":""},"class_list":["post-2568","page","type-page","status-publish","hentry"],"_links":{"self":[{"href":"https:\/\/barcelonaroom.com\/fr\/wp-json\/wp\/v2\/pages\/2568","targetHints":{"allow":["GET"]}}],"collection":[{"href":"https:\/\/barcelonaroom.com\/fr\/wp-json\/wp\/v2\/pages"}],"about":[{"href":"https:\/\/barcelonaroom.com\/fr\/wp-json\/wp\/v2\/types\/page"}],"author":[{"embeddable":true,"href":"https:\/\/barcelonaroom.com\/fr\/wp-json\/wp\/v2\/users\/7"}],"replies":[{"embeddable":true,"href":"https:\/\/barcelonaroom.com\/fr\/wp-json\/wp\/v2\/comments?post=2568"}],"version-history":[{"count":1,"href":"https:\/\/barcelonaroom.com\/fr\/wp-json\/wp\/v2\/pages\/2568\/revisions"}],"predecessor-version":[{"id":359354,"href":"https:\/\/barcelonaroom.com\/fr\/wp-json\/wp\/v2\/pages\/2568\/revisions\/359354"}],"up":[{"embeddable":true,"href":"https:\/\/barcelonaroom.com\/fr\/wp-json\/wp\/v2\/pages\/55020"}],"wp:attachment":[{"href":"https:\/\/barcelonaroom.com\/fr\/wp-json\/wp\/v2\/media?parent=2568"}],"curies":[{"name":"wp","href":"https:\/\/api.w.org\/{rel}","templated":true}]}}