{"id":2565,"date":"2013-03-25T13:28:44","date_gmt":"2013-03-25T13:28:44","guid":{"rendered":"http:\/\/barcelonaroom\/?page_id=2565"},"modified":"2015-09-17T16:09:30","modified_gmt":"2015-09-17T16:09:30","slug":"qui-sommes-nous","status":"publish","type":"page","link":"https:\/\/barcelonaroom.com\/fr\/info\/qui-sommes-nous\/","title":{"rendered":"QUI SOMMES NOUS?"},"content":{"rendered":"<p>Bonjour \u00e0 tous,<\/p>\n<p>Nous sommes une \u00e9quipe interm\u00e9diaire qui met en contact des clients \u00e0 la recherche de chambres, maisons ou appartements \u00e0 Barcelone ou dans le monde entier, avec les propri\u00e9taires.<\/p>\n<p>En tant qu&rsquo;entreprise E-business, la plupart de nos clients nous trouvent sur le web et dans des guides touristiques .Cependant la grande majorit\u00e9 de nos clients nous connaissent gr\u00e2ce au \u00abbouche \u00e0 oreille \u00bb.<\/p>\n<p>Nous avons tout d&rsquo;abord cr\u00e9\u00e9 www.barcelonaroom.com et ensuite www.atlasroom.com afin d&rsquo;offrir aux voyageurs la meilleure possibilit\u00e9 de se sentir \u00e0 l&rsquo;aise lors de leur s\u00e9jour.<\/p>\n<p>Nous sommes une E-business et travaillons principalement avec des touristes, des personnes en d\u00e9placement professionnel, des entreprises, des \u00e9tudiants, des familles et des gens voyageant seul, en couple ou en groupe de tout \u00e2ge. Nous travaillons \u00e9galement avec des agences \u00e0 l&rsquo;\u00e9tranger qui nous envoient leur client\u00e8le et nous offrent des locations chez eux. Nous tenons \u00e0 remercier particuli\u00e8rement toutes les autres personnes qui nous ont aid\u00e9 \u00e0 participer \u00e0 notre projet. Leurs id\u00e9es et connaissances nous ont permis d&rsquo;am\u00e9liorer tous les jours notre service et notre efficacit\u00e9.<\/p>\n<p>Merci \u00e0 tous et bienvenue.<\/p>\n<p><img loading=\"lazy\" decoding=\"async\" class=\"alignnone size-full wp-image-3565\" src=\"http:\/\/bcn03\/dev\/wp-content\/uploads\/2013\/03\/IMG_1630optimised.jpg\" alt=\"IMG_1630optimised\" width=\"270\" height=\"270\" \/><\/p>\n<p><strong><span style=\"font-family: Arial, Helvetica, sans-serif;\"><span class=\"style29\"><span class=\"style30\">Catherine Marie Schmidt<\/span><\/span><\/span><\/strong><span style=\"font-family: Arial, Helvetica, sans-serif; font-size: small;\"><span class=\"style29\"><br \/>\n<\/span><\/span><span class=\"standard_Small_text\"><span style=\"font-family: Arial, Helvetica, sans-serif;\">Directrice de Barcelonaroom.com<\/span><\/span><\/p>\n<p><span style=\"font-family: Arial, Helvetica, sans-serif;\"><a title=\"file:\/\/www.barcelonaroom.com\" href=\"file:\/\/www.barcelonaroom.com\/\">www.barcelonaroom.com<\/a><br \/>\n<a title=\"file:\/\/www.atlasroom.com\" href=\"file:\/\/www.atlasroom.com\/\">www.atlasroom.com<\/a> <\/span><\/p>\n","protected":false},"excerpt":{"rendered":"<p>Bonjour \u00e0 tous, Nous sommes une \u00e9quipe interm\u00e9diaire qui met en contact des clients \u00e0 la recherche de chambres, maisons ou appartements \u00e0 Barcelone ou dans le monde entier, avec les propri\u00e9taires. En tant qu&rsquo;entreprise E-business, la plupart de nos clients nous trouvent sur le web et dans des guides touristiques .Cependant la grande majorit\u00e9 [&hellip;]<\/p>\n","protected":false},"author":7,"featured_media":0,"parent":55020,"menu_order":58,"comment_status":"open","ping_status":"closed","template":"","meta":{"footnotes":""},"class_list":["post-2565","page","type-page","status-publish","hentry"],"_links":{"self":[{"href":"https:\/\/barcelonaroom.com\/fr\/wp-json\/wp\/v2\/pages\/2565","targetHints":{"allow":["GET"]}}],"collection":[{"href":"https:\/\/barcelonaroom.com\/fr\/wp-json\/wp\/v2\/pages"}],"about":[{"href":"https:\/\/barcelonaroom.com\/fr\/wp-json\/wp\/v2\/types\/page"}],"author":[{"embeddable":true,"href":"https:\/\/barcelonaroom.com\/fr\/wp-json\/wp\/v2\/users\/7"}],"replies":[{"embeddable":true,"href":"https:\/\/barcelonaroom.com\/fr\/wp-json\/wp\/v2\/comments?post=2565"}],"version-history":[{"count":0,"href":"https:\/\/barcelonaroom.com\/fr\/wp-json\/wp\/v2\/pages\/2565\/revisions"}],"up":[{"embeddable":true,"href":"https:\/\/barcelonaroom.com\/fr\/wp-json\/wp\/v2\/pages\/55020"}],"wp:attachment":[{"href":"https:\/\/barcelonaroom.com\/fr\/wp-json\/wp\/v2\/media?parent=2565"}],"curies":[{"name":"wp","href":"https:\/\/api.w.org\/{rel}","templated":true}]}}