{"id":3636,"date":"2014-11-30T23:40:27","date_gmt":"2014-11-30T23:40:27","guid":{"rendered":"http:\/\/barcelonaroom\/es\/for-sale\/"},"modified":"2016-03-04T18:42:01","modified_gmt":"2016-03-04T17:42:01","slug":"a-la-venta","status":"publish","type":"page","link":"https:\/\/barcelonaroom.com\/es\/a-la-venta\/","title":{"rendered":"EN VENTA"},"content":{"rendered":"<p class=\"p1\"><span class=\"s1\">Bienvenido . <a href=\"https:\/\/barcelonaroom.com\/\"><span class=\"s2\">Barcelonaroom.com<\/span><\/a> le ayudar\u00e1 a encontrar su nuevo hogar o terreno o edificio. Ofrecemos asesoramiento experto y apasionado para encontrar su pr\u00f3ximo bien . A continuaci\u00f3n encontrara una lista de las propiedades que tenemos en venta. No dude en ponerse en contacto con nosotros para organizar visitas o para obtener m\u00e1s informaci\u00f3n.<\/span><\/p>\n","protected":false},"excerpt":{"rendered":"<p>Bienvenido . Barcelonaroom.com le ayudar\u00e1 a encontrar su nuevo hogar o terreno o edificio. Ofrecemos asesoramiento experto y apasionado para encontrar su pr\u00f3ximo bien . A continuaci\u00f3n encontrara una lista de las propiedades que tenemos en venta. No dude en ponerse en contacto con nosotros para organizar visitas o para obtener m\u00e1s informaci\u00f3n.<\/p>\n","protected":false},"author":7,"featured_media":0,"parent":0,"menu_order":126,"comment_status":"open","ping_status":"closed","template":"page-accommodation-list.php","meta":{"footnotes":""},"class_list":["post-3636","page","type-page","status-publish","hentry"],"_links":{"self":[{"href":"https:\/\/barcelonaroom.com\/es\/wp-json\/wp\/v2\/pages\/3636","targetHints":{"allow":["GET"]}}],"collection":[{"href":"https:\/\/barcelonaroom.com\/es\/wp-json\/wp\/v2\/pages"}],"about":[{"href":"https:\/\/barcelonaroom.com\/es\/wp-json\/wp\/v2\/types\/page"}],"author":[{"embeddable":true,"href":"https:\/\/barcelonaroom.com\/es\/wp-json\/wp\/v2\/users\/7"}],"replies":[{"embeddable":true,"href":"https:\/\/barcelonaroom.com\/es\/wp-json\/wp\/v2\/comments?post=3636"}],"version-history":[{"count":0,"href":"https:\/\/barcelonaroom.com\/es\/wp-json\/wp\/v2\/pages\/3636\/revisions"}],"wp:attachment":[{"href":"https:\/\/barcelonaroom.com\/es\/wp-json\/wp\/v2\/media?parent=3636"}],"curies":[{"name":"wp","href":"https:\/\/api.w.org\/{rel}","templated":true}]}}