{"id":3613,"date":"2014-12-01T03:22:01","date_gmt":"2014-12-01T03:22:01","guid":{"rendered":"http:\/\/barcelonaroom\/es\/quienes-somos\/apartment-to-offer\/"},"modified":"2015-09-17T16:35:18","modified_gmt":"2015-09-17T16:35:18","slug":"apartment-to-offer","status":"publish","type":"page","link":"https:\/\/barcelonaroom.com\/es\/info\/apartment-to-offer\/","title":{"rendered":"OFRECER UN ALOJAMIENTO"},"content":{"rendered":"<p>Si Usted tiene un alojamiento en cualquier lugar del mundo, y desea alquilarlo a gente de confianza, rellene el siguiente formulario y enseguida nos pondremos en contacto con Usted. Puede mandarnos fotos digitales de su alojamiento a la siguiente direcci\u00f3n de correo electronico: mail@barcelonaroom.com.<\/p>\n<p>Para dos a\u00f1os de publicaci\u00f3n en nuestra p\u00e1gina web, cobramos 25 euros para un habitaci\u00f3n en piso compartido y 50 euros para un piso entero.<\/p>\n<p>Partner Registration<\/p>\n","protected":false},"excerpt":{"rendered":"<p>Si Usted tiene un alojamiento en cualquier lugar del mundo, y desea alquilarlo a gente de confianza, rellene el siguiente formulario y enseguida nos pondremos en contacto con Usted. Puede mandarnos fotos digitales de su alojamiento a la siguiente direcci\u00f3n de correo electronico: mail@barcelonaroom.com. Para dos a\u00f1os de publicaci\u00f3n en nuestra p\u00e1gina web, cobramos 25 [&hellip;]<\/p>\n","protected":false},"author":7,"featured_media":0,"parent":55022,"menu_order":54,"comment_status":"closed","ping_status":"closed","template":"","meta":{"footnotes":""},"class_list":["post-3613","page","type-page","status-publish","hentry"],"_links":{"self":[{"href":"https:\/\/barcelonaroom.com\/es\/wp-json\/wp\/v2\/pages\/3613","targetHints":{"allow":["GET"]}}],"collection":[{"href":"https:\/\/barcelonaroom.com\/es\/wp-json\/wp\/v2\/pages"}],"about":[{"href":"https:\/\/barcelonaroom.com\/es\/wp-json\/wp\/v2\/types\/page"}],"author":[{"embeddable":true,"href":"https:\/\/barcelonaroom.com\/es\/wp-json\/wp\/v2\/users\/7"}],"replies":[{"embeddable":true,"href":"https:\/\/barcelonaroom.com\/es\/wp-json\/wp\/v2\/comments?post=3613"}],"version-history":[{"count":0,"href":"https:\/\/barcelonaroom.com\/es\/wp-json\/wp\/v2\/pages\/3613\/revisions"}],"up":[{"embeddable":true,"href":"https:\/\/barcelonaroom.com\/es\/wp-json\/wp\/v2\/pages\/55022"}],"wp:attachment":[{"href":"https:\/\/barcelonaroom.com\/es\/wp-json\/wp\/v2\/media?parent=3613"}],"curies":[{"name":"wp","href":"https:\/\/api.w.org\/{rel}","templated":true}]}}