{"id":3589,"date":"2013-03-25T13:29:00","date_gmt":"2013-03-25T13:29:00","guid":{"rendered":"http:\/\/barcelonaroom\/es\/contact\/"},"modified":"2021-08-06T20:45:15","modified_gmt":"2021-08-06T18:45:15","slug":"contacto","status":"publish","type":"page","link":"https:\/\/barcelonaroom.com\/es\/contacto\/","title":{"rendered":"CONTACTO"},"content":{"rendered":"<p>Si Usted desea reservar:<br \/>\nbooking@barcelonaroom.com<\/p>\n<p>Si Usted quiere informaciones m\u00e1s detalladas, de Usted su opini\u00f3n despu\u00e9s de su alojamiento, y para cualquier otra informaci\u00f3n:<br \/>\ncatherine@barcelonaroom.com<br \/>\nbooking@barcelonaroom.com<\/p>\n<p>Si Usted quiere llamarnos:<\/p>\n<p>Tel.: +34\/93 410 00 37<br \/>\nM\u00f3vil: +34\/ 606 96 91 97<br \/>\nSkype: barcelonaroom<\/p>\n","protected":false},"excerpt":{"rendered":"<p>Si Usted desea reservar: booking@barcelonaroom.com Si Usted quiere informaciones m\u00e1s detalladas, de Usted su opini\u00f3n despu\u00e9s de su alojamiento, y para cualquier otra informaci\u00f3n: catherine@barcelonaroom.com booking@barcelonaroom.com Si Usted quiere llamarnos: Tel.: +34\/93 410 00 37 M\u00f3vil: +34\/ 606 96 91 97 Skype: barcelonaroom<\/p>\n","protected":false},"author":7,"featured_media":0,"parent":0,"menu_order":80,"comment_status":"closed","ping_status":"closed","template":"page-contact-form-7.php","meta":{"footnotes":""},"class_list":["post-3589","page","type-page","status-publish","hentry"],"_links":{"self":[{"href":"https:\/\/barcelonaroom.com\/es\/wp-json\/wp\/v2\/pages\/3589","targetHints":{"allow":["GET"]}}],"collection":[{"href":"https:\/\/barcelonaroom.com\/es\/wp-json\/wp\/v2\/pages"}],"about":[{"href":"https:\/\/barcelonaroom.com\/es\/wp-json\/wp\/v2\/types\/page"}],"author":[{"embeddable":true,"href":"https:\/\/barcelonaroom.com\/es\/wp-json\/wp\/v2\/users\/7"}],"replies":[{"embeddable":true,"href":"https:\/\/barcelonaroom.com\/es\/wp-json\/wp\/v2\/comments?post=3589"}],"version-history":[{"count":2,"href":"https:\/\/barcelonaroom.com\/es\/wp-json\/wp\/v2\/pages\/3589\/revisions"}],"predecessor-version":[{"id":359955,"href":"https:\/\/barcelonaroom.com\/es\/wp-json\/wp\/v2\/pages\/3589\/revisions\/359955"}],"wp:attachment":[{"href":"https:\/\/barcelonaroom.com\/es\/wp-json\/wp\/v2\/media?parent=3589"}],"curies":[{"name":"wp","href":"https:\/\/api.w.org\/{rel}","templated":true}]}}