{"id":2561,"date":"2013-03-25T13:28:44","date_gmt":"2013-03-25T13:28:44","guid":{"rendered":"http:\/\/barcelonaroom\/?page_id=2561"},"modified":"2015-09-17T16:10:13","modified_gmt":"2015-09-17T16:10:13","slug":"quienes-somos","status":"publish","type":"page","link":"https:\/\/barcelonaroom.com\/es\/info\/quienes-somos\/","title":{"rendered":"QUIENES SOMOS?"},"content":{"rendered":"<p>Barcelonaroom.com es una empresa joven y din\u00e1mica, cuyo medio de trabajo es el Internet (E-comercio). Nuestro objetivo es lograr una estancia agradable en la ciudad de Barcelona y en el resto del mundo para nuestros clientes. Estos son tanto turistas, como estudiantes, profesionales que vienen asistir a congresos ejecutivos, gente en desplazamiento, familias, grupos\u2026<br \/>\nSomos un equipo intermediario entre clientes y propietarios. Nuestros clientes son gente que busca una habitaci\u00f3n, un apartamento o una casa en Barcelona o en cualquier parte del mundo.<br \/>\nOfrecemos y buscamos alojamientos, preferentemente amueblados, tanto en Barcelona como en el extranjero.<br \/>\nNuestros alojamientos son tanto pisos como apartamentos o habitaciones en pisos compartidos.<br \/>\nLos pisos pueden tener las siguientes categor\u00edas:<\/p>\n<p>Nuestros clientes nos conocen a trav\u00e9s de nuestras p\u00e1ginas Web o a trav\u00e9s de gu\u00edas tur\u00edsticas. Aunque la gran mayor\u00eda de nuestros clientes nos conocen gracias al \u201cboca a boca\u201d.<br \/>\nTambi\u00e9n trabajamos con agencias en el extranjero que nos ofrecen alojamientos en sus respectivos pa\u00edses.<br \/>\nNos gustar\u00eda dar las gracias a todas las personas que nos han ayudado en este proyecto. Sus ideas y conocimientos nos permiten seguir d\u00eda a d\u00eda con nuestro servicio y eficacia.<\/p>\n<p>Gracias a todos y bienvenidos<\/p>\n<p><img loading=\"lazy\" decoding=\"async\" class=\"alignnone size-full wp-image-3566\" src=\"http:\/\/bcn03\/dev\/wp-content\/uploads\/2013\/03\/IMG_1630optimised.jpg\" alt=\"IMG_1630optimised\" width=\"270\" height=\"270\" \/><\/p>\n<p><span class=\"TEXT_Bold_xSMALL\"><span style=\"font-family: Arial, Helvetica, sans-serif;\"><strong>Catherine Schmidt <\/strong><\/span><\/span><span class=\"style6 style6\"><span style=\"font-family: Arial, Helvetica, sans-serif;\"><br \/>\n<\/span><\/span><span class=\"style12\"><span style=\"font-family: Arial, Helvetica, sans-serif;\">Directora de Barcelonaroom<\/span><\/span><span class=\"style6 style6\"><span style=\"font-family: Arial, Helvetica, sans-serif;\"><br \/>\n<a class=\"style12\" title=\"file:\/\/www.barcelonaroom.com\" href=\"file:\/\/\/www.barcelonaroom.com\">www.barcelonaroom.com<\/a><br \/>\n<a class=\"style12\" title=\"file:\/\/www.atlasroom.com\" href=\"file:\/\/\/www.atlasroom.com\">www.atlasroom.com<\/a><\/span><\/span><\/p>\n","protected":false},"excerpt":{"rendered":"<p>Barcelonaroom.com es una empresa joven y din\u00e1mica, cuyo medio de trabajo es el Internet (E-comercio). Nuestro objetivo es lograr una estancia agradable en la ciudad de Barcelona y en el resto del mundo para nuestros clientes. Estos son tanto turistas, como estudiantes, profesionales que vienen asistir a congresos ejecutivos, gente en desplazamiento, familias, grupos\u2026 Somos [&hellip;]<\/p>\n","protected":false},"author":7,"featured_media":0,"parent":55022,"menu_order":52,"comment_status":"open","ping_status":"closed","template":"","meta":{"footnotes":""},"class_list":["post-2561","page","type-page","status-publish","hentry"],"_links":{"self":[{"href":"https:\/\/barcelonaroom.com\/es\/wp-json\/wp\/v2\/pages\/2561","targetHints":{"allow":["GET"]}}],"collection":[{"href":"https:\/\/barcelonaroom.com\/es\/wp-json\/wp\/v2\/pages"}],"about":[{"href":"https:\/\/barcelonaroom.com\/es\/wp-json\/wp\/v2\/types\/page"}],"author":[{"embeddable":true,"href":"https:\/\/barcelonaroom.com\/es\/wp-json\/wp\/v2\/users\/7"}],"replies":[{"embeddable":true,"href":"https:\/\/barcelonaroom.com\/es\/wp-json\/wp\/v2\/comments?post=2561"}],"version-history":[{"count":0,"href":"https:\/\/barcelonaroom.com\/es\/wp-json\/wp\/v2\/pages\/2561\/revisions"}],"up":[{"embeddable":true,"href":"https:\/\/barcelonaroom.com\/es\/wp-json\/wp\/v2\/pages\/55022"}],"wp:attachment":[{"href":"https:\/\/barcelonaroom.com\/es\/wp-json\/wp\/v2\/media?parent=2561"}],"curies":[{"name":"wp","href":"https:\/\/api.w.org\/{rel}","templated":true}]}}