{"id":3698,"date":"2014-11-30T23:40:27","date_gmt":"2014-11-30T23:40:27","guid":{"rendered":"http:\/\/barcelonaroom\/de\/for-sale\/"},"modified":"2016-03-04T18:40:35","modified_gmt":"2016-03-04T17:40:35","slug":"zu-verkaufen","status":"publish","type":"page","link":"https:\/\/barcelonaroom.com\/de\/zu-verkaufen\/","title":{"rendered":"ZU VERKAUFEN"},"content":{"rendered":"<p class=\"p1\"><span class=\"s1\">Willkommen . <a href=\"https:\/\/barcelonaroom.com\/\"><span class=\"s2\">Barcelonaroom.com<\/span><\/a> wird Ihnen helfen, Ihr neues Haus, Grundst\u00fcck oder Geb\u00e4ude zu finden. Wir bieten kompetente Beratung und leidenschaftlich Ihren n\u00e4chsten gut zu finden. Im Folgenden finden Sie eine Liste der Eigenschaften, die wir zum Verkauf anbieten. Z\u00f6gern Sie nicht uns zu kontaktieren, um Besuche vereinbaren oder f\u00fcr weitere Informationen.<\/span><\/p>\n","protected":false},"excerpt":{"rendered":"<p>Willkommen . Barcelonaroom.com wird Ihnen helfen, Ihr neues Haus, Grundst\u00fcck oder Geb\u00e4ude zu finden. Wir bieten kompetente Beratung und leidenschaftlich Ihren n\u00e4chsten gut zu finden. Im Folgenden finden Sie eine Liste der Eigenschaften, die wir zum Verkauf anbieten. Z\u00f6gern Sie nicht uns zu kontaktieren, um Besuche vereinbaren oder f\u00fcr weitere Informationen.<\/p>\n","protected":false},"author":7,"featured_media":0,"parent":0,"menu_order":126,"comment_status":"open","ping_status":"closed","template":"page-accommodation-list.php","meta":{"footnotes":""},"class_list":["post-3698","page","type-page","status-publish","hentry"],"_links":{"self":[{"href":"https:\/\/barcelonaroom.com\/de\/wp-json\/wp\/v2\/pages\/3698","targetHints":{"allow":["GET"]}}],"collection":[{"href":"https:\/\/barcelonaroom.com\/de\/wp-json\/wp\/v2\/pages"}],"about":[{"href":"https:\/\/barcelonaroom.com\/de\/wp-json\/wp\/v2\/types\/page"}],"author":[{"embeddable":true,"href":"https:\/\/barcelonaroom.com\/de\/wp-json\/wp\/v2\/users\/7"}],"replies":[{"embeddable":true,"href":"https:\/\/barcelonaroom.com\/de\/wp-json\/wp\/v2\/comments?post=3698"}],"version-history":[{"count":0,"href":"https:\/\/barcelonaroom.com\/de\/wp-json\/wp\/v2\/pages\/3698\/revisions"}],"wp:attachment":[{"href":"https:\/\/barcelonaroom.com\/de\/wp-json\/wp\/v2\/media?parent=3698"}],"curies":[{"name":"wp","href":"https:\/\/api.w.org\/{rel}","templated":true}]}}