{"id":3583,"date":"2014-11-14T12:27:02","date_gmt":"2014-11-14T12:27:02","guid":{"rendered":"http:\/\/barcelonaroom\/de\/?page_id=3583"},"modified":"2018-10-18T18:20:52","modified_gmt":"2018-10-18T16:20:52","slug":"bedingungen","status":"publish","type":"page","link":"https:\/\/barcelonaroom.com\/de\/info\/bedingungen\/","title":{"rendered":"BEDINGUNGEN"},"content":{"rendered":"<p>BEDINGUNGEN<\/p>\n<p>Der \u00dcberweisungbeleg soll innerhalb VON 2 TAGEN nach \u00dcbersendung der Rechnung erfolgen.<\/p>\n<p><strong>BANKVERBINDUNG<\/strong><br \/>\n<strong> Catherine Marie Schmidt<\/strong><br \/>\n<strong> Calle San Eusebio, 6<\/strong><br \/>\n<strong> 08198 LA FLORESTA &#8211; BARCELONA<\/strong><br \/>\n<strong> NIF: X211716EQ<\/strong><\/p>\n<p><strong>LA CAIXA DE PENSIONES DE BARCELONA<\/strong><br \/>\n<strong> Calle Santa Ameila, 31<\/strong><br \/>\n<strong> 08034 Barcelona Spanien<\/strong><br \/>\n<strong> SWIFT: CAIXESBB<\/strong><br \/>\n<strong> IBAN: ES 3621003466712100081409<\/strong><br \/>\n<strong> BIC: CAIXESBBXXX<\/strong><br \/>\n<strong> Bankverbindung : 2100 3466 71 2100081409<\/strong><\/p>\n<p>Werden die folgenden Bedingungen nicht erf\u00fcllt, hat der Hausbesitzer das Recht, dem Mieter das Wohnrecht zu verweigern und die Kaution einzubehalten.<\/p>\n<p>1. Bitte schicken Sie uns anbei den \u00dcberweisungsbeleg per E-Mail mit Ihrer Reservierungsnummer. (BO+Nummer).<\/p>\n<p>2. Sobald das Geld auf dem Konto eingegangen ist, teilen wir Ihnen die genaue Adresse des Vermieters, sowie dieTelefonnumer mit. Bitte teilen Sie uns sobald wie m\u00f6glich Ihren Anreisetag mit Ankunfts-und Abflugszeit mit.<\/p>\n<p>3. Der Rest der Summe wird dann bei Ankunft in der Wohnung nach Schl\u00fcssel\u00fcbergabe an dem Besitzer bar bezahlt .<br \/>\nDie Fotokopie der Ausweis kann bei Ankunft verlangt werden.<\/p>\n<p>4. Bitte hinterlassen Sie die Wohnung so wie Sie sie vorgefunden haben. Partys und l\u00e4rmen ist in der Wohnung nicht erlaubt.<\/p>\n<p>5. Falls bei Ankunft die Wohnung Ihnen nicht gefallen sollte, melden Sie sich umgehend bei uns.<\/p>\n<p>6. Falls Sie bei Ankunft sehr viel Versp\u00e4tung haben, melden Sie sich umgehend bei uns.<\/p>\n<p>Vielen Dank und wir w\u00fcnschen Ihnen einen sch\u00f6nen Aufenthalt.<\/p>\n<p>&nbsp;<\/p>\n<p>&#8212; GDPR &#8212;<\/p>\n<p><strong>Wer wir sind<\/strong><\/p>\n<p>Unsere Website ist: https:\/\/barcelonaroom.com<\/p>\n<p>Welche pers\u00f6nlichen Daten sammeln wir und warum sammeln wir sie?<\/p>\n<p>Bemerkungen<\/p>\n<p>Wenn Besucher Kommentare auf der Website hinterlassen, erfassen wir die Daten, die im Kommentarformular angezeigt werden, sowie die IP-Adresse und den Browser-User-Agent-String des Besuchers, um die Spam-Erkennung zu unterst\u00fctzen.<\/p>\n<p>Eine anonymisierte Zeichenfolge, die aus Ihrer E-Mail-Adresse erstellt wurde (auch als Hash bezeichnet), kann dem Gravatar-Service zur Verf\u00fcgung gestellt werden, um zu sehen, ob Sie ihn verwenden. Die Datenschutzrichtlinie f\u00fcr den Gravatar-Service finden Sie hier: https:\/\/automomattic.com\/privacy\/. Nach Genehmigung Ihres Kommentars ist Ihr Profilbild im Kontext Ihres Kommentars f\u00fcr die \u00d6ffentlichkeit sichtbar.<\/p>\n<p><strong>Medien<\/strong><\/p>\n<p>Wenn Sie Bilder auf die Website hochladen, sollten Sie das Hochladen von Bildern mit eingebetteten Standortdaten (EXIF GPS) vermeiden. Besucher der Website k\u00f6nnen Standortdaten von Bildern auf der Website herunterladen und extrahieren.<\/p>\n<p><strong>Kontaktformulare<\/strong><\/p>\n<p><strong>Kekse<\/strong><\/p>\n<p>Wenn Sie einen Kommentar auf unserer Website hinterlassen, k\u00f6nnen Sie Ihren Namen, Ihre E-Mail-Adresse und Ihre Website in Cookies speichern. Diese dienen Ihrer Bequemlichkeit, damit Sie Ihre Daten nicht erneut eingeben m\u00fcssen, wenn Sie einen weiteren Kommentar hinterlassen. Diese Cookies dauern ein Jahr.<\/p>\n<p>Wenn Sie ein Konto haben und sich auf dieser Website anmelden, setzen wir ein tempor\u00e4res Cookie, um festzustellen, ob Ihr Browser Cookies akzeptiert. Dieser Cookie enth\u00e4lt keine pers\u00f6nlichen Daten und wird verworfen, wenn Sie Ihren Browser schlie\u00dfen.<\/p>\n<p>Wenn Sie sich anmelden, richten wir auch mehrere Cookies ein, um Ihre Login-Daten und Ihre Bildschirmauswahl zu speichern. Die Login-Cookies dauern zwei Tage, und die Cookies der Bildschirmoptionen dauern ein Jahr. Wenn Sie &#8222;Remember Me&#8220; ausw\u00e4hlen, wird Ihr Login f\u00fcr zwei Wochen beibehalten. Wenn Sie sich von Ihrem Konto abmelden, werden die Login-Cookies entfernt.<\/p>\n<p>Wenn Sie einen Artikel bearbeiten oder ver\u00f6ffentlichen, wird ein zus\u00e4tzlicher Cookie in Ihrem Browser gespeichert. Dieser Cookie enth\u00e4lt keine pers\u00f6nlichen Daten und zeigt lediglich die Post-ID des gerade bearbeiteten Artikels an. Es l\u00e4uft nach 1 Tag ab.<\/p>\n<p><strong>Eingebettete Inhalte von anderen Websites<\/strong><\/p>\n<p>Artikel auf dieser Website k\u00f6nnen eingebettete Inhalte (z. B. Videos, Bilder, Artikel usw.) enthalten. Eingebettete Inhalte von anderen Websites verhalten sich genau so, als ob der Besucher die andere Website besucht h\u00e4tte.<\/p>\n<p>Diese Websites k\u00f6nnen Daten \u00fcber Sie sammeln, Cookies verwenden, zus\u00e4tzliches Tracking von Drittanbietern einbetten und Ihre Interaktion mit diesen eingebetteten Inhalten \u00fcberwachen, einschlie\u00dflich der R\u00fcckverfolgung Ihrer Interaktion mit den eingebetteten Inhalten, wenn Sie \u00fcber ein Konto verf\u00fcgen und bei dieser Website angemeldet sind.<\/p>\n<p><strong>Analysen<\/strong><\/p>\n<p><strong>Mit wem teilen wir Ihre Daten?<\/strong><\/p>\n<p><strong>Wie lange behalten wir Ihre Daten bei?<\/strong><\/p>\n<p>Wenn Sie einen Kommentar hinterlassen, bleiben der Kommentar und seine Metadaten unbegrenzt erhalten. Auf diese Weise k\u00f6nnen wir automatisch Folgekommentare erkennen und genehmigen, anstatt sie in einer Moderationswarteschlange abzulegen.<\/p>\n<p>F\u00fcr Nutzer, die sich auf unserer Website registrieren (falls vorhanden), speichern wir auch die pers\u00f6nlichen Informationen, die sie in ihrem Nutzerprofil bereitstellen. Alle Benutzer k\u00f6nnen ihre pers\u00f6nlichen Daten jederzeit sehen, bearbeiten oder l\u00f6schen (au\u00dfer sie k\u00f6nnen ihren Benutzernamen nicht \u00e4ndern). Website-Administratoren k\u00f6nnen diese Informationen ebenfalls anzeigen und bearbeiten.<\/p>\n<p><strong>Welche Rechte haben Sie \u00fcber Ihre Daten?<\/strong><\/p>\n<p>Wenn Sie ein Konto auf dieser Website haben oder Kommentare hinterlassen haben, k\u00f6nnen Sie eine exportierte Datei der pers\u00f6nlichen Daten anfordern, die wir \u00fcber Sie gespeichert haben, einschlie\u00dflich aller Daten, die Sie uns zur Verf\u00fcgung gestellt haben. Sie k\u00f6nnen auch verlangen, dass wir pers\u00f6nliche Daten l\u00f6schen, die wir \u00fcber Sie gespeichert haben. Ausgenommen hiervon sind Daten, die wir zu administrativen, rechtlichen oder sicherheitsrelevanten Zwecken speichern m\u00fcssen.<\/p>\n<p><strong>Wo wir Ihre Daten senden<\/strong><\/p>\n<p><strong>Besucherkommentare k\u00f6nnen \u00fcber einen automatisierten Spam-Erkennungsdienst \u00fcberpr\u00fcft werden.<\/strong><\/p>\n<p><strong>Ihre Kontaktinformationen<\/strong><\/p>\n<p><strong>Zus\u00e4tzliche Information<\/strong><\/p>\n<p><strong>Wie sch\u00fctzen wir Ihre Daten?<\/strong><\/p>\n<p><strong>Welche Datenschutzverfahren haben wir?<\/strong><\/p>\n<p><strong>Von welchen Drittparteien erhalten wir Daten?<\/strong><\/p>\n<p><strong>Was f\u00fcr automatisierte Entscheidungen und \/ oder Profiling machen wir mit Benutzerdaten?<\/strong><\/p>\n<p><strong>Offenlegungspflichten der Branche<\/strong><\/p>\n<p>&#8212;&#8212;<\/p>\n<p>Catherine Marie Schmidt<br \/>\nLeiterin von Barcelonaroom.com<\/p>\n<p>www.barcelonaroom.com<br \/>\nwww.atlasroom.com<\/p>\n<p><strong><span style=\"color: #ff0000;\">Neu! <\/span><\/strong><\/p>\n<p><span style=\"color: #ff0000;\">Wir vermitteln auch Wohnungen in Rom, Budapest, Berlin, Amsterdam, Paris, Brasil, Kroatien, Istambul, London, Teneriffe, Bilbao und Mallorca Insel.\u00a0<\/span><\/p>\n","protected":false},"excerpt":{"rendered":"<p>BEDINGUNGEN Der \u00dcberweisungbeleg soll innerhalb VON 2 TAGEN nach \u00dcbersendung der Rechnung erfolgen. BANKVERBINDUNG Catherine Marie Schmidt Calle San Eusebio, 6 08198 LA FLORESTA &#8211; BARCELONA NIF: X211716EQ LA CAIXA DE PENSIONES DE BARCELONA Calle Santa Ameila, 31 08034 Barcelona Spanien SWIFT: CAIXESBB IBAN: ES 3621003466712100081409 BIC: CAIXESBBXXX Bankverbindung : 2100 3466 71 2100081409 Werden [&hellip;]<\/p>\n","protected":false},"author":7,"featured_media":0,"parent":55021,"menu_order":157,"comment_status":"closed","ping_status":"closed","template":"","meta":{"footnotes":""},"class_list":["post-3583","page","type-page","status-publish","hentry"],"_links":{"self":[{"href":"https:\/\/barcelonaroom.com\/de\/wp-json\/wp\/v2\/pages\/3583","targetHints":{"allow":["GET"]}}],"collection":[{"href":"https:\/\/barcelonaroom.com\/de\/wp-json\/wp\/v2\/pages"}],"about":[{"href":"https:\/\/barcelonaroom.com\/de\/wp-json\/wp\/v2\/types\/page"}],"author":[{"embeddable":true,"href":"https:\/\/barcelonaroom.com\/de\/wp-json\/wp\/v2\/users\/7"}],"replies":[{"embeddable":true,"href":"https:\/\/barcelonaroom.com\/de\/wp-json\/wp\/v2\/comments?post=3583"}],"version-history":[{"count":0,"href":"https:\/\/barcelonaroom.com\/de\/wp-json\/wp\/v2\/pages\/3583\/revisions"}],"up":[{"embeddable":true,"href":"https:\/\/barcelonaroom.com\/de\/wp-json\/wp\/v2\/pages\/55021"}],"wp:attachment":[{"href":"https:\/\/barcelonaroom.com\/de\/wp-json\/wp\/v2\/media?parent=3583"}],"curies":[{"name":"wp","href":"https:\/\/api.w.org\/{rel}","templated":true}]}}