{"id":2579,"date":"2014-12-01T03:22:01","date_gmt":"2014-12-01T03:22:01","guid":{"rendered":"http:\/\/barcelonaroom\/?page_id=2579"},"modified":"2021-01-15T18:13:35","modified_gmt":"2021-01-15T17:13:35","slug":"unsere-gebuhren","status":"publish","type":"page","link":"https:\/\/barcelonaroom.com\/de\/info\/unsere-gebuhren\/","title":{"rendered":"UNSERE GEB\u00dcHREN"},"content":{"rendered":"<p>Die jeweilige Vermittlungsgeb\u00fchr f\u00fcr Mieten ab 1 Monat und l\u00e4nger, wird \u00fcber einen festgelegten Prozentsatz berechnet, der von der Dauer des Aufenthalts abh\u00e4ngig ist.<\/p>\n<p>Die Prozentwerte entsprechend der jeweiligen Aufenthaltsdauer k\u00f6nnen Sie der nachfolgenden Tabelle entnehmen:<\/p>\n<table border=\"1\" width=\"100%\" cellspacing=\"0\" cellpadding=\"1\" align=\"center\">\n<tbody>\n<tr>\n<td class=\"style1\" bgcolor=\"#FFFFFF\">\n<p class=\"style95\" align=\"center\">1\u00a0monat<\/p>\n<\/td>\n<td class=\"style1\" bgcolor=\"#FFFFFF\">\n<p class=\"style95\" align=\"center\"><strong>25%<\/strong><\/p>\n<\/td>\n<td class=\"style1\" bgcolor=\"#FFFFFF\">\n<p class=\"style95\" align=\"center\">5\u00a0monaten<\/p>\n<\/td>\n<td class=\"style1\" bgcolor=\"#FFFFFF\">\n<p class=\"style95\" align=\"center\"><strong>65%<\/strong><\/p>\n<\/td>\n<td class=\"style1\" bgcolor=\"#FFFFFF\">\n<p class=\"style95\" align=\"center\">9\u00a0monaten<\/p>\n<\/td>\n<td class=\"style1\" bgcolor=\"#FFFFFF\">\n<p class=\"style95\" align=\"center\"><strong>105%<\/strong><\/p>\n<\/td>\n<\/tr>\n<tr>\n<td class=\"style1\" bgcolor=\"#FFFFFF\">\n<p class=\"style95\" align=\"center\">2\u00a0monaten<\/p>\n<\/td>\n<td class=\"style1\" bgcolor=\"#FFFFFF\">\n<p class=\"style95\" align=\"center\"><strong>35%<\/strong><\/p>\n<\/td>\n<td class=\"style1\" bgcolor=\"#FFFFFF\">\n<p class=\"style95\" align=\"center\">6\u00a0monaten<\/p>\n<\/td>\n<td class=\"style1\" bgcolor=\"#FFFFFF\">\n<p class=\"style95\" align=\"center\"><strong>75%<\/strong><\/p>\n<\/td>\n<td class=\"style1\" bgcolor=\"#FFFFFF\">\n<p class=\"style95\" align=\"center\">10\u00a0monaten<\/p>\n<\/td>\n<td class=\"style1\" bgcolor=\"#FFFFFF\">\n<p class=\"style95\" align=\"center\"><strong>115%<\/strong><\/p>\n<\/td>\n<\/tr>\n<tr>\n<td class=\"style1\" bgcolor=\"#FFFFFF\">\n<p class=\"style95\" align=\"center\">3\u00a0monaten<\/p>\n<\/td>\n<td class=\"style1\" bgcolor=\"#FFFFFF\">\n<p class=\"style95\" align=\"center\"><strong>45%<\/strong><\/p>\n<\/td>\n<td class=\"style1\" bgcolor=\"#FFFFFF\">\n<p class=\"style95\" align=\"center\">7\u00a0monaten<\/p>\n<\/td>\n<td class=\"style1\" bgcolor=\"#FFFFFF\">\n<p class=\"style95\" align=\"center\"><strong>85%<\/strong><\/p>\n<\/td>\n<td class=\"style1\" bgcolor=\"#FFFFFF\">\n<p class=\"style95\" align=\"center\">11\u00a0monaten<\/p>\n<\/td>\n<td class=\"style1\" bgcolor=\"#FFFFFF\">\n<p class=\"style95\" align=\"center\"><strong>125%<\/strong><\/p>\n<\/td>\n<\/tr>\n<tr>\n<td class=\"style1\" bgcolor=\"#FFFFFF\">\n<p class=\"style95\" align=\"center\">4\u00a0monaten<\/p>\n<\/td>\n<td class=\"style1\" bgcolor=\"#FFFFFF\">\n<p class=\"style95\" align=\"center\"><strong>55%<\/strong><\/p>\n<\/td>\n<td class=\"style1\" bgcolor=\"#FFFFFF\">\n<p class=\"style95\" align=\"center\">8\u00a0monaten<\/p>\n<\/td>\n<td class=\"style1\" bgcolor=\"#FFFFFF\">\n<p class=\"style95\" align=\"center\"><strong>95%<\/strong><\/p>\n<\/td>\n<\/tr>\n<\/tbody>\n<\/table>\n<p>Bei einer Aufenthaltsdauer von mehr als 11 Monaten kontaktieren Sie bitte\u00a0<a href=\"mailto:catherine@barcelonaroom.com\">catherine@barcelonaroom.com<\/a><\/p>\n","protected":false},"excerpt":{"rendered":"<p>Die jeweilige Vermittlungsgeb\u00fchr f\u00fcr Mieten ab 1 Monat und l\u00e4nger, wird \u00fcber einen festgelegten Prozentsatz berechnet, der von der Dauer des Aufenthalts abh\u00e4ngig ist. Die Prozentwerte entsprechend der jeweiligen Aufenthaltsdauer k\u00f6nnen Sie der nachfolgenden Tabelle entnehmen: 1\u00a0monat 25% 5\u00a0monaten 65% 9\u00a0monaten 105% 2\u00a0monaten 35% 6\u00a0monaten 75% 10\u00a0monaten 115% 3\u00a0monaten 45% 7\u00a0monaten 85% 11\u00a0monaten 125% 4\u00a0monaten [&hellip;]<\/p>\n","protected":false},"author":7,"featured_media":0,"parent":55021,"menu_order":51,"comment_status":"open","ping_status":"closed","template":"","meta":{"footnotes":""},"class_list":["post-2579","page","type-page","status-publish","hentry"],"_links":{"self":[{"href":"https:\/\/barcelonaroom.com\/de\/wp-json\/wp\/v2\/pages\/2579","targetHints":{"allow":["GET"]}}],"collection":[{"href":"https:\/\/barcelonaroom.com\/de\/wp-json\/wp\/v2\/pages"}],"about":[{"href":"https:\/\/barcelonaroom.com\/de\/wp-json\/wp\/v2\/types\/page"}],"author":[{"embeddable":true,"href":"https:\/\/barcelonaroom.com\/de\/wp-json\/wp\/v2\/users\/7"}],"replies":[{"embeddable":true,"href":"https:\/\/barcelonaroom.com\/de\/wp-json\/wp\/v2\/comments?post=2579"}],"version-history":[{"count":2,"href":"https:\/\/barcelonaroom.com\/de\/wp-json\/wp\/v2\/pages\/2579\/revisions"}],"predecessor-version":[{"id":359356,"href":"https:\/\/barcelonaroom.com\/de\/wp-json\/wp\/v2\/pages\/2579\/revisions\/359356"}],"up":[{"embeddable":true,"href":"https:\/\/barcelonaroom.com\/de\/wp-json\/wp\/v2\/pages\/55021"}],"wp:attachment":[{"href":"https:\/\/barcelonaroom.com\/de\/wp-json\/wp\/v2\/media?parent=2579"}],"curies":[{"name":"wp","href":"https:\/\/api.w.org\/{rel}","templated":true}]}}