{"id":2563,"date":"2013-03-25T13:28:44","date_gmt":"2013-03-25T13:28:44","guid":{"rendered":"http:\/\/barcelonaroom\/?page_id=2563"},"modified":"2015-09-17T16:08:04","modified_gmt":"2015-09-17T16:08:04","slug":"wer-sind-wir","status":"publish","type":"page","link":"https:\/\/barcelonaroom.com\/de\/info\/wer-sind-wir\/","title":{"rendered":"Wer Sind Wir"},"content":{"rendered":"<p>Wir sind eine Vermittlungsmannschaft, die Kontakte zwischen Mieter und Vermieter herstellen, egal ob Sie ein Zimmer, eine Wohnung oder ein Haus in Spanien oder weltweit mieten oder vermieten m\u00f6chten.<\/p>\n<p>Wir helfen Ihnen gerne weiter. Die meisten unserer Kunden kennen uns aus dem Internet oder aus diversen Reisef\u00fchrern. Jedoch kennt uns die grosse Mehrheit dank der Weiterempfehlung unserer Kunden !<\/p>\n<p>Unsere erste Webseite war www.barcelonaroom.com und nun folgt eine weitere Webseite www.atlasroom.com, um den Reisenden die besten M\u00f6glichkeiten anzubieten, w\u00e4hrend des Aufenthalts sich wohl zu f\u00fchlen.<\/p>\n<p>Wir sind ein Internet-Unternehmen (e-Business) und vermitteln Unterk\u00fcnfte an Touristen, Gesch\u00e4ftsreisende, Unternehmen, Studenten und Familien. Egal, ob Sie Alleine, in Paaren oder in Gruppen reisen.<\/p>\n<p>Weiterhin arbeiten wir mit zuverl\u00e4ssigen Partneragenturen im Ausland, die unsihre jeweiligen Angebote zur Verf\u00fcgung stellen.<\/p>\n<p>Wir wollen besonders allen anderen Personen danken, die uns bei diesen Projekt unterst\u00fctzt haben. Ihre Ideen und Kenntnisse haben es uns erm\u00f6glicht, jeden Tag unsere Dienstleistung f\u00fcr Sie zu verbessern.<\/p>\n<p>Vielen Dank an Alle und Willkommen<\/p>\n<p><img loading=\"lazy\" decoding=\"async\" class=\"alignnone size-full wp-image-3563\" src=\"http:\/\/bcn03\/dev\/wp-content\/uploads\/2013\/03\/IMG_1630optimised.jpg\" alt=\"IMG_1630optimised\" width=\"270\" height=\"270\" \/><\/p>\n<p><strong>Catherine Marie Schmidt<\/strong><br \/>\nLeiterin von Barcelonaroom.com<\/p>\n<p><a title=\"file:\/\/www.barcelonaroom.com\" href=\"file:\/\/www.barcelonaroom.com\/\">www.barcelonaroom.com<\/a><br \/>\n<a title=\"file:\/\/www.atlasroom.com\" href=\"file:\/\/www.atlasroom.com\/\">www.atlasroom.com<\/a><\/p>\n","protected":false},"excerpt":{"rendered":"<p>Wir sind eine Vermittlungsmannschaft, die Kontakte zwischen Mieter und Vermieter herstellen, egal ob Sie ein Zimmer, eine Wohnung oder ein Haus in Spanien oder weltweit mieten oder vermieten m\u00f6chten. Wir helfen Ihnen gerne weiter. Die meisten unserer Kunden kennen uns aus dem Internet oder aus diversen Reisef\u00fchrern. Jedoch kennt uns die grosse Mehrheit dank der [&hellip;]<\/p>\n","protected":false},"author":7,"featured_media":0,"parent":55021,"menu_order":57,"comment_status":"open","ping_status":"closed","template":"","meta":{"footnotes":""},"class_list":["post-2563","page","type-page","status-publish","hentry"],"_links":{"self":[{"href":"https:\/\/barcelonaroom.com\/de\/wp-json\/wp\/v2\/pages\/2563","targetHints":{"allow":["GET"]}}],"collection":[{"href":"https:\/\/barcelonaroom.com\/de\/wp-json\/wp\/v2\/pages"}],"about":[{"href":"https:\/\/barcelonaroom.com\/de\/wp-json\/wp\/v2\/types\/page"}],"author":[{"embeddable":true,"href":"https:\/\/barcelonaroom.com\/de\/wp-json\/wp\/v2\/users\/7"}],"replies":[{"embeddable":true,"href":"https:\/\/barcelonaroom.com\/de\/wp-json\/wp\/v2\/comments?post=2563"}],"version-history":[{"count":0,"href":"https:\/\/barcelonaroom.com\/de\/wp-json\/wp\/v2\/pages\/2563\/revisions"}],"up":[{"embeddable":true,"href":"https:\/\/barcelonaroom.com\/de\/wp-json\/wp\/v2\/pages\/55021"}],"wp:attachment":[{"href":"https:\/\/barcelonaroom.com\/de\/wp-json\/wp\/v2\/media?parent=2563"}],"curies":[{"name":"wp","href":"https:\/\/api.w.org\/{rel}","templated":true}]}}